{"id":36,"date":"2019-11-15T14:18:42","date_gmt":"2019-11-15T14:18:42","guid":{"rendered":"http:\/\/www.ratasinfra.fi\/?page_id=36"},"modified":"2024-09-23T14:53:53","modified_gmt":"2024-09-23T14:53:53","slug":"referenssit","status":"publish","type":"page","link":"https:\/\/www.ratasinfra.fi\/index.php\/referenssit\/","title":{"rendered":"Koulutus ja p\u00e4tevyydet"},"content":{"rendered":"\n<p>Yo- vuoriteknikko -96 (Lappeenrannan teknillinen oppilaitos)<\/p>\n\n\n\n<p>FISE, RAP (infra) rakennuttajap\u00e4tevyys, voimassa 12\/2029<\/p>\n\n\n\n<p>P\u00e4\u00e4llysrakennep\u00e4tevyys (*p\u00e4\u00e4l, RHK 1999), p\u00e4tevyys uusittu 2021, voimassa 6\/2026<\/p>\n\n\n\n<p>Maanrakennusp\u00e4tevyys (*maa, RHK 2002)<\/p>\n\n\n\n<p>Sillanrakennusp\u00e4tevyys (*silta, RHK 2003)<\/p>\n\n\n\n<p>Tieturva I, voimassa 4\/2029<\/p>\n\n\n\n<p>Turvallisuuskoordinaattorikoulutus (V\u00e4yl\u00e4virasto), voimassa 12\/2025<\/p>\n\n\n\n<p>Ty\u00f6turvallisuuskortti, voimassa 4\/2025<\/p>\n\n\n\n<p>Rataty\u00f6turvallisuuskortti (TURVA), voimassa 12\/2024<\/p>\n\n\n\n\n\n<p><\/p>\n","protected":false},"excerpt":{"rendered":"<p>Yo- vuoriteknikko -96 (Lappeenrannan teknillinen oppilaitos) FISE, RAP (infra) rakennuttajap\u00e4tevyys, voimassa 12\/2029 P\u00e4\u00e4llysrakennep\u00e4tevyys (*p\u00e4\u00e4l, RHK 1999), p\u00e4tevyys uusittu 2021, voimassa 6\/2026 Maanrakennusp\u00e4tevyys (*maa, RHK 2002) Sillanrakennusp\u00e4tevyys (*silta, RHK 2003) Tieturva I, voimassa 4\/2029 Turvallisuuskoordinaattorikoulutus (V\u00e4yl\u00e4virasto), voimassa 12\/2025 Ty\u00f6turvallisuuskortti, voimassa 4\/2025 Rataty\u00f6turvallisuuskortti (TURVA), voimassa 12\/2024<\/p>\n","protected":false},"author":1,"featured_media":0,"parent":0,"menu_order":0,"comment_status":"closed","ping_status":"closed","template":"","meta":{"footnotes":""},"class_list":["post-36","page","type-page","status-publish","hentry"],"_links":{"self":[{"href":"https:\/\/www.ratasinfra.fi\/index.php\/wp-json\/wp\/v2\/pages\/36","targetHints":{"allow":["GET"]}}],"collection":[{"href":"https:\/\/www.ratasinfra.fi\/index.php\/wp-json\/wp\/v2\/pages"}],"about":[{"href":"https:\/\/www.ratasinfra.fi\/index.php\/wp-json\/wp\/v2\/types\/page"}],"author":[{"embeddable":true,"href":"https:\/\/www.ratasinfra.fi\/index.php\/wp-json\/wp\/v2\/users\/1"}],"replies":[{"embeddable":true,"href":"https:\/\/www.ratasinfra.fi\/index.php\/wp-json\/wp\/v2\/comments?post=36"}],"version-history":[{"count":5,"href":"https:\/\/www.ratasinfra.fi\/index.php\/wp-json\/wp\/v2\/pages\/36\/revisions"}],"predecessor-version":[{"id":103,"href":"https:\/\/www.ratasinfra.fi\/index.php\/wp-json\/wp\/v2\/pages\/36\/revisions\/103"}],"wp:attachment":[{"href":"https:\/\/www.ratasinfra.fi\/index.php\/wp-json\/wp\/v2\/media?parent=36"}],"curies":[{"name":"wp","href":"https:\/\/api.w.org\/{rel}","templated":true}]}}